{"id":23751,"date":"2025-12-15T22:29:12","date_gmt":"2025-12-15T21:29:12","guid":{"rendered":"https:\/\/www.eqwal.legal\/imprint\/"},"modified":"2026-02-03T11:37:21","modified_gmt":"2026-02-03T10:37:21","slug":"imprint","status":"publish","type":"page","link":"https:\/\/www.eqwal.legal\/en\/imprint\/","title":{"rendered":"Imprint"},"content":{"rendered":"\t\t<div data-elementor-type=\"wp-page\" data-elementor-id=\"23751\" class=\"elementor elementor-23751 elementor-22351\" data-elementor-post-type=\"page\">\n\t\t\t\t<div class=\"elementor-element elementor-element-55305c1e e-flex e-con-boxed e-con e-parent\" data-id=\"55305c1e\" data-element_type=\"container\" data-e-type=\"container\" data-settings=\"{&quot;background_background&quot;:&quot;classic&quot;,&quot;ekit_has_onepagescroll_dot&quot;:&quot;yes&quot;}\">\n\t\t\t\t\t<div class=\"e-con-inner\">\n\t\t<div class=\"elementor-element elementor-element-b5a31f7 e-con-full e-flex e-con e-child\" data-id=\"b5a31f7\" data-element_type=\"container\" data-e-type=\"container\" data-settings=\"{&quot;ekit_has_onepagescroll_dot&quot;:&quot;yes&quot;}\">\n\t\t\t\t<div class=\"elementor-element elementor-element-2a4a6abe animated-fast elementor-invisible elementor-widget elementor-widget-elementskit-heading\" data-id=\"2a4a6abe\" data-element_type=\"widget\" data-e-type=\"widget\" data-settings=\"{&quot;ekit_we_effect_on&quot;:&quot;css&quot;,&quot;_animation&quot;:&quot;fadeIn&quot;,&quot;_animation_delay&quot;:100}\" data-widget_type=\"elementskit-heading.default\">\n\t\t\t\t\t<div class=\"ekit-wid-con\" ><div class=\"ekit-heading elementskit-section-title-wraper text_center   ekit_heading_tablet-   ekit_heading_mobile-\"><h1 class=\"ekit-heading--title elementskit-section-title \">Imprint<\/h1><\/div><\/div>\t\t\t\t<\/div>\n\t\t\t\t<\/div>\n\t\t\t\t\t<\/div>\n\t\t\t\t<\/div>\n\t\t<div class=\"elementor-element elementor-element-2076abb8 e-flex e-con-boxed e-con e-parent\" data-id=\"2076abb8\" data-element_type=\"container\" data-e-type=\"container\" data-settings=\"{&quot;ekit_has_onepagescroll_dot&quot;:&quot;yes&quot;}\">\n\t\t\t\t\t<div class=\"e-con-inner\">\n\t\t<div class=\"elementor-element elementor-element-538fd3c7 e-con-full e-flex e-con e-child\" data-id=\"538fd3c7\" data-element_type=\"container\" data-e-type=\"container\" data-settings=\"{&quot;ekit_has_onepagescroll_dot&quot;:&quot;yes&quot;}\">\n\t\t\t\t<div class=\"elementor-element elementor-element-ebe5d42 elementor-widget elementor-widget-text-editor\" data-id=\"ebe5d42\" data-element_type=\"widget\" data-e-type=\"widget\" data-settings=\"{&quot;ekit_we_effect_on&quot;:&quot;none&quot;}\" data-widget_type=\"text-editor.default\">\n\t\t\t\t\t\t\t\t\t<p data-start=\"0\" data-end=\"14\"><strong data-start=\"0\" data-end=\"14\">EQWAL GmbH<\/strong><\/p><p data-start=\"16\" data-end=\"51\">Neubr\u00fcckstra\u00dfe 1<br data-start=\"32\" data-end=\"35\">40213 D\u00fcsseldorf<\/p><p data-start=\"53\" data-end=\"93\">+49 (0) 30 985 359 10<br data-start=\"74\" data-end=\"77\"><a class=\"decorated-link cursor-pointer\" rel=\"noopener\" data-start=\"77\" data-end=\"93\">info@eqwal.legal<\/a><\/p><p data-start=\"95\" data-end=\"143\">Managing directors: Alexander Aran and Patrik Kusak<\/p><p data-start=\"145\" data-end=\"198\">Local court: D\u00fcsseldorf<br data-start=\"168\" data-end=\"171\">Commercial register: HRB 103713<\/p><p data-start=\"200\" data-end=\"247\">VAT number: DE343985582<\/p><p data-start=\"249\" data-end=\"957\">Liability for links:<br data-start=\"271\" data-end=\"274\">Our offer contains links to external websites of third parties, on whose contents we have no influence. Therefore, we cannot assume any liability for these external contents. The respective provider or operator of the pages is always responsible for the content of the linked pages. The linked pages were checked for possible legal violations at the time of linking. Illegal contents were not recognizable at the time of linking. However, a permanent control of the contents of the linked pages is not reasonable without concrete evidence of a violation of the law. If we become aware of any infringements of the law, we will remove such links immediately.      <\/p><p data-start=\"959\" data-end=\"1129\">Images and copyright:<br data-start=\"987\" data-end=\"990\">This website and its contents are protected by copyright. All rights to this website and its contents are owned by EQWAL GmbH. <\/p><p data-start=\"1131\" data-end=\"1734\">Disclaimer:<br data-start=\"1154\" data-end=\"1157\">The information on our website is provided for non-binding informational purposes and does not constitute legal or tax advice in the strict sense. The content of the information does not replace individual and binding legal or tax advice that takes into account your specific situation. Therefore, all information offered is understood without guarantee of accuracy and completeness. The content on our website is researched and evaluated with the utmost care. Nevertheless, we assume no liability for the accuracy, completeness and timeliness of the information provided.    <\/p><p data-start=\"1736\" data-end=\"1813\"><strong data-start=\"1736\" data-end=\"1811\">Responsible for the editorial content in the sense of press law:<\/strong><\/p><p data-start=\"1815\" data-end=\"1865\" data-is-last-node=\"\" data-is-only-node=\"\">Patrik Kusak and Alexander Aran<br data-start=\"1846\" data-end=\"1849\"><a class=\"decorated-link cursor-pointer\" rel=\"noopener\" data-start=\"1849\" data-end=\"1865\" data-is-last-node=\"\">info@eqwal.legal<\/a><\/p>\t\t\t\t\t\t\t\t<\/div>\n\t\t\t\t<\/div>\n\t\t\t\t\t<\/div>\n\t\t\t\t<\/div>\n\t\t\t\t<\/div>\n\t\t","protected":false},"excerpt":{"rendered":"<p>Imprint EQWAL GmbH Neubr\u00fcckstra\u00dfe 140213 D\u00fcsseldorf +49 (0) 30 985 359 10info@eqwal.legal Managing directors: Alexander Aran and Patrik Kusak Local court: D\u00fcsseldorfCommercial register: HRB 103713 VAT number: DE343985582 Liability for links:Our offer contains links to external websites of third parties, on whose contents we have no influence. Therefore, we cannot assume any liability for these [&hellip;]<\/p>\n","protected":false},"author":1,"featured_media":0,"parent":0,"menu_order":0,"comment_status":"closed","ping_status":"closed","template":"","meta":{"footnotes":""},"class_list":["post-23751","page","type-page","status-publish","hentry"],"yoast_head":"<!-- This site is optimized with the Yoast SEO plugin v27.2 - https:\/\/yoast.com\/product\/yoast-seo-wordpress\/ -->\n<title>Imprint - EQWAL<\/title>\n<meta name=\"robots\" content=\"index, follow, max-snippet:-1, max-image-preview:large, max-video-preview:-1\" \/>\n<link rel=\"canonical\" href=\"https:\/\/www.eqwal.legal\/en\/imprint\/\" \/>\n<meta property=\"og:locale\" content=\"en_US\" \/>\n<meta property=\"og:type\" content=\"article\" \/>\n<meta property=\"og:title\" content=\"Imprint - EQWAL\" \/>\n<meta property=\"og:description\" content=\"Imprint EQWAL GmbH Neubr\u00fcckstra\u00dfe 140213 D\u00fcsseldorf +49 (0) 30 985 359 10info@eqwal.legal Managing directors: Alexander Aran and Patrik Kusak Local court: D\u00fcsseldorfCommercial register: HRB 103713 VAT number: DE343985582 Liability for links:Our offer contains links to external websites of third parties, on whose contents we have no influence. Therefore, we cannot assume any liability for these [&hellip;]\" \/>\n<meta property=\"og:url\" content=\"https:\/\/www.eqwal.legal\/en\/imprint\/\" \/>\n<meta property=\"og:site_name\" content=\"EQWAL\" \/>\n<meta property=\"article:modified_time\" content=\"2026-02-03T10:37:21+00:00\" \/>\n<meta name=\"twitter:card\" content=\"summary_large_image\" \/>\n<meta name=\"twitter:label1\" content=\"Est. reading time\" \/>\n\t<meta name=\"twitter:data1\" content=\"1 minute\" \/>\n<script type=\"application\/ld+json\" class=\"yoast-schema-graph\">{\"@context\":\"https:\/\/schema.org\",\"@graph\":[{\"@type\":\"WebPage\",\"@id\":\"https:\/\/www.eqwal.legal\/en\/imprint\/\",\"url\":\"https:\/\/www.eqwal.legal\/en\/imprint\/\",\"name\":\"Imprint - EQWAL\",\"isPartOf\":{\"@id\":\"https:\/\/www.eqwal.legal\/en\/#website\"},\"datePublished\":\"2025-12-15T21:29:12+00:00\",\"dateModified\":\"2026-02-03T10:37:21+00:00\",\"breadcrumb\":{\"@id\":\"https:\/\/www.eqwal.legal\/en\/imprint\/#breadcrumb\"},\"inLanguage\":\"en-US\",\"potentialAction\":[{\"@type\":\"ReadAction\",\"target\":[\"https:\/\/www.eqwal.legal\/en\/imprint\/\"]}]},{\"@type\":\"BreadcrumbList\",\"@id\":\"https:\/\/www.eqwal.legal\/en\/imprint\/#breadcrumb\",\"itemListElement\":[{\"@type\":\"ListItem\",\"position\":1,\"name\":\"Home\",\"item\":\"https:\/\/www.eqwal.legal\/en\/home\/\"},{\"@type\":\"ListItem\",\"position\":2,\"name\":\"Imprint\"}]},{\"@type\":\"WebSite\",\"@id\":\"https:\/\/www.eqwal.legal\/en\/#website\",\"url\":\"https:\/\/www.eqwal.legal\/en\/\",\"name\":\"EQWAL\",\"description\":\"Erstklassige Jurist:innen auf Abruf\",\"publisher\":{\"@id\":\"https:\/\/www.eqwal.legal\/en\/#organization\"},\"potentialAction\":[{\"@type\":\"SearchAction\",\"target\":{\"@type\":\"EntryPoint\",\"urlTemplate\":\"https:\/\/www.eqwal.legal\/en\/?s={search_term_string}\"},\"query-input\":{\"@type\":\"PropertyValueSpecification\",\"valueRequired\":true,\"valueName\":\"search_term_string\"}}],\"inLanguage\":\"en-US\"},{\"@type\":\"Organization\",\"@id\":\"https:\/\/www.eqwal.legal\/en\/#organization\",\"name\":\"EQWAL\",\"url\":\"https:\/\/www.eqwal.legal\/en\/\",\"logo\":{\"@type\":\"ImageObject\",\"inLanguage\":\"en-US\",\"@id\":\"https:\/\/www.eqwal.legal\/en\/#\/schema\/logo\/image\/\",\"url\":\"https:\/\/www.eqwal.legal\/wp-content\/uploads\/2025\/11\/EQ-Logo-Wortmarke-Hell-scaled.png\",\"contentUrl\":\"https:\/\/www.eqwal.legal\/wp-content\/uploads\/2025\/11\/EQ-Logo-Wortmarke-Hell-scaled.png\",\"width\":2560,\"height\":996,\"caption\":\"EQWAL\"},\"image\":{\"@id\":\"https:\/\/www.eqwal.legal\/en\/#\/schema\/logo\/image\/\"},\"sameAs\":[\"https:\/\/www.linkedin.com\/company\/eqwal-legal\/\"]}]}<\/script>\n<!-- \/ Yoast SEO plugin. -->","yoast_head_json":{"title":"Imprint - EQWAL","robots":{"index":"index","follow":"follow","max-snippet":"max-snippet:-1","max-image-preview":"max-image-preview:large","max-video-preview":"max-video-preview:-1"},"canonical":"https:\/\/www.eqwal.legal\/en\/imprint\/","og_locale":"en_US","og_type":"article","og_title":"Imprint - EQWAL","og_description":"Imprint EQWAL GmbH Neubr\u00fcckstra\u00dfe 140213 D\u00fcsseldorf +49 (0) 30 985 359 10info@eqwal.legal Managing directors: Alexander Aran and Patrik Kusak Local court: D\u00fcsseldorfCommercial register: HRB 103713 VAT number: DE343985582 Liability for links:Our offer contains links to external websites of third parties, on whose contents we have no influence. Therefore, we cannot assume any liability for these [&hellip;]","og_url":"https:\/\/www.eqwal.legal\/en\/imprint\/","og_site_name":"EQWAL","article_modified_time":"2026-02-03T10:37:21+00:00","twitter_card":"summary_large_image","twitter_misc":{"Est. reading time":"1 minute"},"schema":{"@context":"https:\/\/schema.org","@graph":[{"@type":"WebPage","@id":"https:\/\/www.eqwal.legal\/en\/imprint\/","url":"https:\/\/www.eqwal.legal\/en\/imprint\/","name":"Imprint - EQWAL","isPartOf":{"@id":"https:\/\/www.eqwal.legal\/en\/#website"},"datePublished":"2025-12-15T21:29:12+00:00","dateModified":"2026-02-03T10:37:21+00:00","breadcrumb":{"@id":"https:\/\/www.eqwal.legal\/en\/imprint\/#breadcrumb"},"inLanguage":"en-US","potentialAction":[{"@type":"ReadAction","target":["https:\/\/www.eqwal.legal\/en\/imprint\/"]}]},{"@type":"BreadcrumbList","@id":"https:\/\/www.eqwal.legal\/en\/imprint\/#breadcrumb","itemListElement":[{"@type":"ListItem","position":1,"name":"Home","item":"https:\/\/www.eqwal.legal\/en\/home\/"},{"@type":"ListItem","position":2,"name":"Imprint"}]},{"@type":"WebSite","@id":"https:\/\/www.eqwal.legal\/en\/#website","url":"https:\/\/www.eqwal.legal\/en\/","name":"EQWAL","description":"Erstklassige Jurist:innen auf Abruf","publisher":{"@id":"https:\/\/www.eqwal.legal\/en\/#organization"},"potentialAction":[{"@type":"SearchAction","target":{"@type":"EntryPoint","urlTemplate":"https:\/\/www.eqwal.legal\/en\/?s={search_term_string}"},"query-input":{"@type":"PropertyValueSpecification","valueRequired":true,"valueName":"search_term_string"}}],"inLanguage":"en-US"},{"@type":"Organization","@id":"https:\/\/www.eqwal.legal\/en\/#organization","name":"EQWAL","url":"https:\/\/www.eqwal.legal\/en\/","logo":{"@type":"ImageObject","inLanguage":"en-US","@id":"https:\/\/www.eqwal.legal\/en\/#\/schema\/logo\/image\/","url":"https:\/\/www.eqwal.legal\/wp-content\/uploads\/2025\/11\/EQ-Logo-Wortmarke-Hell-scaled.png","contentUrl":"https:\/\/www.eqwal.legal\/wp-content\/uploads\/2025\/11\/EQ-Logo-Wortmarke-Hell-scaled.png","width":2560,"height":996,"caption":"EQWAL"},"image":{"@id":"https:\/\/www.eqwal.legal\/en\/#\/schema\/logo\/image\/"},"sameAs":["https:\/\/www.linkedin.com\/company\/eqwal-legal\/"]}]}},"_links":{"self":[{"href":"https:\/\/www.eqwal.legal\/en\/wp-json\/wp\/v2\/pages\/23751","targetHints":{"allow":["GET"]}}],"collection":[{"href":"https:\/\/www.eqwal.legal\/en\/wp-json\/wp\/v2\/pages"}],"about":[{"href":"https:\/\/www.eqwal.legal\/en\/wp-json\/wp\/v2\/types\/page"}],"author":[{"embeddable":true,"href":"https:\/\/www.eqwal.legal\/en\/wp-json\/wp\/v2\/users\/1"}],"replies":[{"embeddable":true,"href":"https:\/\/www.eqwal.legal\/en\/wp-json\/wp\/v2\/comments?post=23751"}],"version-history":[{"count":1,"href":"https:\/\/www.eqwal.legal\/en\/wp-json\/wp\/v2\/pages\/23751\/revisions"}],"predecessor-version":[{"id":23752,"href":"https:\/\/www.eqwal.legal\/en\/wp-json\/wp\/v2\/pages\/23751\/revisions\/23752"}],"wp:attachment":[{"href":"https:\/\/www.eqwal.legal\/en\/wp-json\/wp\/v2\/media?parent=23751"}],"curies":[{"name":"wp","href":"https:\/\/api.w.org\/{rel}","templated":true}]}}